{"id":769,"date":"2016-04-14T09:39:40","date_gmt":"2016-04-14T09:39:40","guid":{"rendered":"http:\/\/wp.magnium-themes.com\/thebuilt\/thebuilt-1\/?page_id=769"},"modified":"2026-02-14T13:51:59","modified_gmt":"2026-02-14T13:51:59","slug":"architecture-building","status":"publish","type":"page","link":"https:\/\/www.jeparquitecturayconstruccion.com\/?page_id=769","title":{"rendered":"\u00c1REA RESIDENCIAL"},"content":{"rendered":"<div class=\"wpb-content-wrapper\"><p>[vc_row][vc_column]<div class=\"mgt-header-block clearfix text-left text-black wpb_content_element  mgt-header-block-style-1 mgt-header-texttransform-none  vc_custom_1771035940334\"><h3 class=\"mgt-header-block-title\">\u00c1rea Residencial<\/h3><div class=\"mgt-header-line\"><\/div><\/div>[vc_column_text css=\u00bb\u00bb]Estilos de viviendas o conjuntos residenciales:<br \/>\nEstilo Contempor\u00e1neo, Estilo Minimalista, Estilo R\u00fastico, Estilo Moderno, Estilo N\u00f3rdico o Escandinavo, Estilo Mediterr\u00e1neo, Estilo Cl\u00e1sico y Tradicional.<br \/>\nEstilos Aplicados a:[\/vc_column_text][\/vc_column][\/vc_row][vc_row][vc_column width=\u00bb1\/2&#8243;]<div class=\"mgt-header-block clearfix text-left text-black wpb_content_element  mgt-header-block-style-1 mgt-header-texttransform-none  vc_custom_1771036086558\"><h4 class=\"mgt-header-block-title\">Viviendas Unifamiliares<\/h4><div class=\"mgt-header-line\"><\/div><\/div>[vc_column_text css=\u00bb\u00bb]Casa de Playa, Bungal\u00f3, Casa de campo, Haciendas, Vivienda aislada (4 vistas) , vivienda pareada (3 vistas), vivienda adosada en esquina (2 vistas), vivienda adosada en medianero (1 vista).[\/vc_column_text][\/vc_column][vc_column width=\u00bb1\/2&#8243;]<div class=\"mgt-header-block clearfix text-left text-black wpb_content_element  mgt-header-block-style-1 mgt-header-texttransform-none  vc_custom_1771036257055\"><h4 class=\"mgt-header-block-title\">Multifamiliares<\/h4><div class=\"mgt-header-line\"><\/div><\/div>[vc_column_text css=\u00bb\u00bb]Apartamento (Flats), D\u00faplex, Triplex, Lofts, Penthouse, Condominio vertical, Condominio Horizonal[\/vc_column_text][\/vc_column][\/vc_row][vc_row][vc_column width=\u00bb1\/2&#8243;]<div class=\"mgt-header-block clearfix text-left text-black wpb_content_element  mgt-header-block-style-1 mgt-header-texttransform-none  vc_custom_1771036293558\"><h4 class=\"mgt-header-block-title\">Viviendas Prefabricadas<\/h4><div class=\"mgt-header-line\"><\/div><\/div>[vc_column_text css=\u00bb\u00bb]<strong>Por su m\u00e9todo de construcci\u00f3n:<\/strong><br \/>\nVivienda prefabricada Modular<br \/>\nVivienda prefabricada Panelizada<\/p>\n<p><strong>Por su material:<\/strong><br \/>\nVivienda de madera<br \/>\nVivienda de acero<br \/>\nVivienda de hormig\u00f3n<br \/>\nVivienda de Bamb\u00fa[\/vc_column_text][\/vc_column][vc_column width=\u00bb1\/2&#8243;]<div class=\"mgt-header-block clearfix text-left text-black wpb_content_element  mgt-header-block-style-1 mgt-header-texttransform-none  vc_custom_1771036404565\"><h4 class=\"mgt-header-block-title\">Hoteles<\/h4><div class=\"mgt-header-line\"><\/div><\/div>[vc_column_text css=\u00bb\u00bb]Hostel<br \/>\nResort<br \/>\nGuesthouse<br \/>\nMotel<br \/>\nCasas rurales<br \/>\nHospedajesrizonal[\/vc_column_text][\/vc_column][\/vc_row][vc_row][vc_column width=\u00bb1\/4&#8243;][vc_single_image image=\u00bb3051&#8243; img_size=\u00bb300&#215;300&#8243; onclick=\u00bblink_image\u00bb css=\u00bb\u00bb][\/vc_column][vc_column width=\u00bb1\/4&#8243;][vc_single_image image=\u00bb3052&#8243; img_size=\u00bb300&#215;300&#8243; onclick=\u00bblink_image\u00bb css=\u00bb\u00bb][\/vc_column][vc_column width=\u00bb1\/4&#8243;][vc_single_image image=\u00bb3056&#8243; img_size=\u00bb300&#215;300&#8243; onclick=\u00bblink_image\u00bb css=\u00bb\u00bb][\/vc_column][vc_column width=\u00bb1\/4&#8243;][vc_single_image image=\u00bb3057&#8243; img_size=\u00bb300&#215;300&#8243; onclick=\u00bblink_image\u00bb css=\u00bb\u00bb][\/vc_column][\/vc_row]<\/p>\n<\/div>","protected":false},"excerpt":{"rendered":"<p>[vc_row][vc_column][vc_column_text css=\u00bb\u00bb]Estilos de viviendas o conjuntos residenciales: Estilo Contempor\u00e1neo, Estilo Minimalista, Estilo R\u00fastico, Estilo Moderno, Estilo N\u00f3rdico o Escandinavo, Estilo Mediterr\u00e1neo, Estilo Cl\u00e1sico y Tradicional. Estilos Aplicados a:[\/vc_column_text][\/vc_column][\/vc_row][vc_row][vc_column width=\u00bb1\/2&#8243;][vc_column_text css=\u00bb\u00bb]Casa&#8230;<\/p>\n","protected":false},"author":1,"featured_media":0,"parent":0,"menu_order":0,"comment_status":"closed","ping_status":"closed","template":"","meta":{"pagelayer_contact_templates":[],"_pagelayer_content":"","footnotes":""},"class_list":["post-769","page","type-page","status-publish","hentry"],"_links":{"self":[{"href":"https:\/\/www.jeparquitecturayconstruccion.com\/index.php?rest_route=\/wp\/v2\/pages\/769","targetHints":{"allow":["GET"]}}],"collection":[{"href":"https:\/\/www.jeparquitecturayconstruccion.com\/index.php?rest_route=\/wp\/v2\/pages"}],"about":[{"href":"https:\/\/www.jeparquitecturayconstruccion.com\/index.php?rest_route=\/wp\/v2\/types\/page"}],"author":[{"embeddable":true,"href":"https:\/\/www.jeparquitecturayconstruccion.com\/index.php?rest_route=\/wp\/v2\/users\/1"}],"replies":[{"embeddable":true,"href":"https:\/\/www.jeparquitecturayconstruccion.com\/index.php?rest_route=%2Fwp%2Fv2%2Fcomments&post=769"}],"version-history":[{"count":22,"href":"https:\/\/www.jeparquitecturayconstruccion.com\/index.php?rest_route=\/wp\/v2\/pages\/769\/revisions"}],"predecessor-version":[{"id":3059,"href":"https:\/\/www.jeparquitecturayconstruccion.com\/index.php?rest_route=\/wp\/v2\/pages\/769\/revisions\/3059"}],"wp:attachment":[{"href":"https:\/\/www.jeparquitecturayconstruccion.com\/index.php?rest_route=%2Fwp%2Fv2%2Fmedia&parent=769"}],"curies":[{"name":"wp","href":"https:\/\/api.w.org\/{rel}","templated":true}]}}