{"id":3075,"date":"2026-02-14T16:21:46","date_gmt":"2026-02-14T16:21:46","guid":{"rendered":"https:\/\/www.jeparquitecturayconstruccion.com\/?page_id=3075"},"modified":"2026-02-14T17:05:12","modified_gmt":"2026-02-14T17:05:12","slug":"area-corporativa","status":"publish","type":"page","link":"https:\/\/www.jeparquitecturayconstruccion.com\/?page_id=3075","title":{"rendered":"\u00c1REA CORPORATIVA"},"content":{"rendered":"<div class=\"wpb-content-wrapper\"><p>[vc_row][vc_column width=\u00bb1\/2&#8243;]<div class=\"mgt-header-block clearfix text-left text-black wpb_content_element  mgt-header-block-style-1 mgt-header-texttransform-none  vc_custom_1771086240306\"><h3 class=\"mgt-header-block-title\">\u00c1rea Corporativa<\/h3><div class=\"mgt-header-line\"><\/div><\/div>[vc_column_text css=\u00bb\u00bb]<\/p>\n<ul>\n<li>Estilos de grandes o peque\u00f1os espacios de oficinas:<br \/>\nEstilo Moderno y Funcional, Estilo Industrial, Estilo Biof\u00edlico y verde, Estilo Tradicional, Estilo Escandinavo<\/li>\n<\/ul>\n<p>[\/vc_column_text]<div class=\"mgt-header-block clearfix text-left text-black wpb_content_element  mgt-header-block-style-1 mgt-header-texttransform-none  vc_custom_1771086293778\"><h4 class=\"mgt-header-block-title\">Implantaci\u00f3n de Oficinas (Fit-out)<\/h4><div class=\"mgt-header-line\"><\/div><\/div>[vc_column_text css=\u00bb\u00bb]<\/p>\n<ul>\n<li>Dise\u00f1o y adecuaci\u00f3n de espacios interiores para oficinas, incluyendo layout, mobiliario, iluminaci\u00f3n y se\u00f1al\u00e9tica seg\u00fan la imagen corporativa.<\/li>\n<\/ul>\n<p>[\/vc_column_text]<div class=\"mgt-header-block clearfix text-left text-black wpb_content_element  mgt-header-block-style-1 mgt-header-texttransform-none  vc_custom_1771086355202\"><h4 class=\"mgt-header-block-title\">Dise\u00f1o de Sedes Corporativas<\/h4><div class=\"mgt-header-line\"><\/div><\/div>[vc_column_text css=\u00bb\u00bb]<\/p>\n<ul>\n<li>Construcci\u00f3n o remodelaci\u00f3n total de edificios de oficinas principales, buscando representar la cultura de la empresa.<\/li>\n<\/ul>\n<p>[\/vc_column_text]<div class=\"mgt-header-block clearfix text-left text-black wpb_content_element  mgt-header-block-style-1 mgt-header-texttransform-none  vc_custom_1771086389338\"><h4 class=\"mgt-header-block-title\">Dise\u00f1o de Espacios Comerciales<\/h4><div class=\"mgt-header-line\"><\/div><\/div>[vc_column_text css=\u00bb\u00bb]<\/p>\n<ul>\n<li>Construcci\u00f3n o remodelaci\u00f3n total de edificios de oficinas principales, buscando representar la cultura de la empresa.<\/li>\n<\/ul>\n<p>[\/vc_column_text]<div class=\"mgt-header-block clearfix text-left text-black wpb_content_element  mgt-header-block-style-1 mgt-header-texttransform-none  vc_custom_1771086389338\"><h4 class=\"mgt-header-block-title\">Dise\u00f1o de Espacios Comerciales<\/h4><div class=\"mgt-header-line\"><\/div><\/div>[vc_column_text css=\u00bb\u00bb]<\/p>\n<ul>\n<li>Proyectos para locales comerciales, showrooms o sucursales bancarias, enfocado en el marketing y la experiencia del cliente.<\/li>\n<\/ul>\n<p>[\/vc_column_text][\/vc_column][vc_column width=\u00bb1\/2&#8243;]<div class=\"mgt-header-block clearfix text-left text-black wpb_content_element  mgt-header-block-style-1 mgt-header-texttransform-none  vc_custom_1771086551874\"><h4 class=\"mgt-header-block-title\">Espacios de Trabajo Flexibles (Coworking)<\/h4><div class=\"mgt-header-line\"><\/div><\/div>[vc_column_text css=\u00bb\u00bb]<\/p>\n<ul>\n<li>Dise\u00f1o de entornos vers\u00e1tiles, multifuncionales y colaborativos.<\/li>\n<\/ul>\n<p>[\/vc_column_text]<div class=\"mgt-header-block clearfix text-left text-black wpb_content_element  mgt-header-block-style-1 mgt-header-texttransform-none  vc_custom_1771086596955\"><h4 class=\"mgt-header-block-title\">\u00c1reas de Bienestar y Recreaci\u00f3n<\/h4><div class=\"mgt-header-line\"><\/div><\/div>[vc_column_text css=\u00bb\u00bb]<\/p>\n<ul>\n<li>Incorporaci\u00f3n de gimnasios, zonas verdes, salas de relajaci\u00f3n y espacios biof\u00edlicos para la salud mental y f\u00edsica del personal.<\/li>\n<\/ul>\n<p>[\/vc_column_text]<div class=\"mgt-header-block clearfix text-left text-black wpb_content_element  mgt-header-block-style-1 mgt-header-texttransform-none  vc_custom_1771086687658\"><h4 class=\"mgt-header-block-title\">Atrios y Espacios de Transici\u00f3n<\/h4><div class=\"mgt-header-line\"><\/div><\/div>[vc_column_text css=\u00bb\u00bb]<\/p>\n<ul>\n<li>Dise\u00f1o de zonas de recepci\u00f3n, atrios de gran altura y \u00e1reas comunes, a menudo utilizados en grandes edificios corporativos<\/li>\n<\/ul>\n<p>\u2022 Dise\u00f1o de Despachos de Abogados<br \/>\n\u2022 Dise\u00f1o de Despacho de Contadores<br \/>\n\u2022 Dise\u00f1o de Despacho de Oficina de Arquitectura e Ingenier\u00eda[\/vc_column_text]<div class=\"mgt-header-block clearfix text-left text-black wpb_content_element  mgt-header-block-style-1 mgt-header-texttransform-none  vc_custom_1771086687658\"><h4 class=\"mgt-header-block-title\">Atrios y Espacios de Transici\u00f3n<\/h4><div class=\"mgt-header-line\"><\/div><\/div>[vc_column_text css=\u00bb\u00bb]<\/p>\n<ul>\n<li>Zonas dise\u00f1adas para el bienestar, descanso y esparcimiento de los empleados, fundamentales en el dise\u00f1o interior moderno.<\/li>\n<\/ul>\n<p>[\/vc_column_text][\/vc_column][\/vc_row][vc_row][vc_column width=\u00bb1\/4&#8243;][vc_single_image image=\u00bb3077&#8243; img_size=\u00bb300&#215;300&#8243; onclick=\u00bblink_image\u00bb css=\u00bb\u00bb][\/vc_column][vc_column width=\u00bb1\/4&#8243;][vc_single_image image=\u00bb3078&#8243; img_size=\u00bb300&#215;300&#8243; onclick=\u00bblink_image\u00bb css=\u00bb\u00bb][\/vc_column][vc_column width=\u00bb1\/4&#8243;][vc_single_image image=\u00bb3079&#8243; img_size=\u00bb300&#215;300&#8243; onclick=\u00bblink_image\u00bb css=\u00bb\u00bb][\/vc_column][vc_column width=\u00bb1\/4&#8243;][vc_single_image image=\u00bb3080&#8243; img_size=\u00bb300&#215;300&#8243; onclick=\u00bblink_image\u00bb css=\u00bb\u00bb][\/vc_column][\/vc_row][vc_row][vc_column width=\u00bb1\/4&#8243;][vc_single_image image=\u00bb3081&#8243; img_size=\u00bb300&#215;300&#8243; onclick=\u00bblink_image\u00bb css=\u00bb\u00bb][\/vc_column][vc_column width=\u00bb1\/4&#8243;][vc_single_image image=\u00bb3082&#8243; img_size=\u00bb300&#215;300&#8243; onclick=\u00bblink_image\u00bb css=\u00bb\u00bb][\/vc_column][vc_column width=\u00bb1\/4&#8243;][vc_single_image image=\u00bb3083&#8243; img_size=\u00bb300&#215;300&#8243; onclick=\u00bblink_image\u00bb css=\u00bb\u00bb][\/vc_column][vc_column width=\u00bb1\/4&#8243;][vc_single_image image=\u00bb3084&#8243; img_size=\u00bb300&#215;300&#8243; onclick=\u00bblink_image\u00bb css=\u00bb\u00bb][\/vc_column][\/vc_row]<\/p>\n<\/div>","protected":false},"excerpt":{"rendered":"<p>[vc_row][vc_column width=\u00bb1\/2&#8243;][vc_column_text css=\u00bb\u00bb] Estilos de grandes o peque\u00f1os espacios de oficinas: Estilo Moderno y Funcional, Estilo Industrial, Estilo Biof\u00edlico y verde, Estilo Tradicional, Estilo Escandinavo [\/vc_column_text][vc_column_text css=\u00bb\u00bb] Dise\u00f1o y adecuaci\u00f3n&#8230;<\/p>\n","protected":false},"author":1,"featured_media":0,"parent":0,"menu_order":0,"comment_status":"closed","ping_status":"closed","template":"","meta":{"pagelayer_contact_templates":[],"_pagelayer_content":"","footnotes":""},"class_list":["post-3075","page","type-page","status-publish","hentry"],"_links":{"self":[{"href":"https:\/\/www.jeparquitecturayconstruccion.com\/index.php?rest_route=\/wp\/v2\/pages\/3075","targetHints":{"allow":["GET"]}}],"collection":[{"href":"https:\/\/www.jeparquitecturayconstruccion.com\/index.php?rest_route=\/wp\/v2\/pages"}],"about":[{"href":"https:\/\/www.jeparquitecturayconstruccion.com\/index.php?rest_route=\/wp\/v2\/types\/page"}],"author":[{"embeddable":true,"href":"https:\/\/www.jeparquitecturayconstruccion.com\/index.php?rest_route=\/wp\/v2\/users\/1"}],"replies":[{"embeddable":true,"href":"https:\/\/www.jeparquitecturayconstruccion.com\/index.php?rest_route=%2Fwp%2Fv2%2Fcomments&post=3075"}],"version-history":[{"count":2,"href":"https:\/\/www.jeparquitecturayconstruccion.com\/index.php?rest_route=\/wp\/v2\/pages\/3075\/revisions"}],"predecessor-version":[{"id":3085,"href":"https:\/\/www.jeparquitecturayconstruccion.com\/index.php?rest_route=\/wp\/v2\/pages\/3075\/revisions\/3085"}],"wp:attachment":[{"href":"https:\/\/www.jeparquitecturayconstruccion.com\/index.php?rest_route=%2Fwp%2Fv2%2Fmedia&parent=3075"}],"curies":[{"name":"wp","href":"https:\/\/api.w.org\/{rel}","templated":true}]}}