{"id":3064,"date":"2026-02-14T14:25:25","date_gmt":"2026-02-14T14:25:25","guid":{"rendered":"https:\/\/www.jeparquitecturayconstruccion.com\/?page_id=3064"},"modified":"2026-02-14T15:20:14","modified_gmt":"2026-02-14T15:20:14","slug":"area-comercial","status":"publish","type":"page","link":"https:\/\/www.jeparquitecturayconstruccion.com\/?page_id=3064","title":{"rendered":"\u00c1REA COMERCIAL"},"content":{"rendered":"<div class=\"wpb-content-wrapper\"><p>[vc_row][vc_column width=\u00bb1\/2&#8243;]<div class=\"mgt-header-block clearfix text-left text-black wpb_content_element  mgt-header-block-style-1 mgt-header-texttransform-none  vc_custom_1771080211267\"><h3 class=\"mgt-header-block-title\">\u00c1rea Comercial<\/h3><div class=\"mgt-header-line\"><\/div><\/div>[vc_column_text css=\u00bb\u00bb]<\/p>\n<ul>\n<li><strong>Retail Design<\/strong> (Dise\u00f1o de Tiendas de ropa)<\/li>\n<li><strong>Locales Especializados<\/strong>:<br \/>\nSalones de Belleza<br \/>\nPeluquer\u00edas<br \/>\nFarmacias<br \/>\nCentros de atenci\u00f3n al cliente<\/li>\n<\/ul>\n<p>[\/vc_column_text]<div class=\"mgt-header-block clearfix text-left text-black wpb_content_element  mgt-header-block-style-1 mgt-header-texttransform-none  vc_custom_1771080466700\"><h4 class=\"mgt-header-block-title\">Arquitectura de usos mixtos<\/h4><div class=\"mgt-header-line\"><\/div><\/div>[vc_column_text css=\u00bb\u00bb]<\/p>\n<ul>\n<li>&nbsp;Despachos de Contadores compartiendo con otro negocio comercial en un mismo edificio.<\/li>\n<li>&nbsp;Despacho de Abogados compartiendo con otro negocio comercial en un mismo<br \/>\nedificio.<\/li>\n<li>&nbsp;Despacho de Odont\u00f3logos compartiendo con otro negocio comercial en un mismo edificio.<\/li>\n<li>&nbsp;Despachos de Arquitectura e Ingenier\u00eda compartiendo con otro negocio comercial en un mismo edificio.<\/li>\n<\/ul>\n<p>[\/vc_column_text]<div class=\"mgt-header-block clearfix text-left text-black wpb_content_element  mgt-header-block-style-1 mgt-header-texttransform-none  vc_custom_1771080662916\"><h4 class=\"mgt-header-block-title\">Comercio Mayorista y Almacenamiento<\/h4><div class=\"mgt-header-line\"><\/div><\/div>[vc_column_text css=\u00bb\u00bb]<\/p>\n<ul>\n<li>Naves industriales (Muchas veces ubicados a la periferia de la ciudad o en medio de la carretera)<\/li>\n<li>Centros de Distribuci\u00f3n Almacenes<\/li>\n<\/ul>\n<p>[\/vc_column_text]<div class=\"mgt-header-block clearfix text-left text-black wpb_content_element  mgt-header-block-style-1 mgt-header-texttransform-none  vc_custom_1771080812282\"><h4 class=\"mgt-header-block-title\">Arquitectura Institucional<\/h4><div class=\"mgt-header-line\"><\/div><\/div>[vc_column_text css=\u00bb\u00bb]<\/p>\n<ul>\n<li>Espacios bancarios<\/li>\n<li>Notarias<\/li>\n<li>Cl\u00ednicas<\/li>\n<\/ul>\n<p>[\/vc_column_text][\/vc_column][vc_column width=\u00bb1\/2&#8243;]<div class=\"mgt-header-block clearfix text-left text-black wpb_content_element  mgt-header-block-style-1 mgt-header-texttransform-none  vc_custom_1771080299060\"><h4 class=\"mgt-header-block-title\">Arquitectura Gastron\u00f3mica<\/h4><div class=\"mgt-header-line\"><\/div><\/div>[vc_column_text css=\u00bb\u00bb]<\/p>\n<ul>\n<li><strong>Estilos de Restaurantes:<\/strong><br \/>\nEstilo R\u00fastico o campestre, Estilo Moderno y Contempor\u00e1neo, Estilo industrial, Estilo Minimalista, Estilo Vintage o Cl\u00e1sico, Estilo Tem\u00e1tico o \u00c9tnico<\/li>\n<li>Estilos aplicados a:<br \/>\nRestaurantes Gourmet \/Alta Cocina<br \/>\nRestaurantes de Especialidad:<br \/>\nCarnes \/ Grill : En cortes y preparaciones a la parrilla<br \/>\nPescados, Mariscos, cevicher\u00edas: Productos marinos<br \/>\nPoller\u00edas<\/li>\n<li>Restaurantes de Cocina Internacional:<br \/>\nItaliana : Pastas, pizzas<\/li>\n<li>Mexicana: Tacos, enchiladas, mole, pozole<br \/>\nEspa\u00f1a: Platos mediterr\u00e1neos, paella valenciana, tortilla de patatas, gazpacho andaluz<\/li>\n<li>Japonesa: Sushi, sashimi, sopa de miso, makizushi<\/li>\n<li>Restaurantes de Fusi\u00f3n:<br \/>\nNikkei: Comida japonesa con peruana (Makis)<br \/>\nChifa: Comida china con peruana<\/li>\n<li>Restaurantes Vegetarianos<br \/>\nRestaurantes Tradicionales\/Regionales:<br \/>\nRestaurantes t\u00edpicos de Catacaos, Chulucanas o del Bajo Piura Chicher\u00edas, Pe\u00f1as<\/li>\n<li>Restaurantes de Comida R\u00e1pida :<br \/>\nHamburguesas, Shawarmas, Salchipapas, pizzas, frituras<br \/>\nRestaurante Buffet<\/li>\n<\/ul>\n<p>[\/vc_column_text][\/vc_column][\/vc_row][vc_row][vc_column width=\u00bb1\/3&#8243;][vc_single_image image=\u00bb3067&#8243; img_size=\u00bb300&#215;300&#8243; onclick=\u00bblink_image\u00bb css=\u00bb\u00bb][\/vc_column][vc_column width=\u00bb1\/3&#8243;][vc_single_image image=\u00bb3070&#8243; img_size=\u00bb300&#215;300&#8243; onclick=\u00bblink_image\u00bb css=\u00bb\u00bb][\/vc_column][vc_column width=\u00bb1\/3&#8243;][vc_single_image image=\u00bb3069&#8243; img_size=\u00bb300&#215;300&#8243; onclick=\u00bblink_image\u00bb css=\u00bb\u00bb][\/vc_column][\/vc_row][vc_row][vc_column width=\u00bb1\/3&#8243;][vc_single_image image=\u00bb3071&#8243; img_size=\u00bb300&#215;300&#8243; onclick=\u00bblink_image\u00bb css=\u00bb\u00bb][\/vc_column][vc_column width=\u00bb1\/3&#8243;][vc_single_image image=\u00bb3072&#8243; img_size=\u00bb300&#215;300&#8243; onclick=\u00bblink_image\u00bb css=\u00bb\u00bb][\/vc_column][vc_column width=\u00bb1\/3&#8243;][vc_single_image image=\u00bb3068&#8243; img_size=\u00bb300&#215;300&#8243; onclick=\u00bblink_image\u00bb css=\u00bb\u00bb][\/vc_column][\/vc_row]<\/p>\n<\/div>","protected":false},"excerpt":{"rendered":"<p>[vc_row][vc_column width=\u00bb1\/2&#8243;][vc_column_text css=\u00bb\u00bb] Retail Design (Dise\u00f1o de Tiendas de ropa) Locales Especializados: Salones de Belleza Peluquer\u00edas Farmacias Centros de atenci\u00f3n al cliente [\/vc_column_text][vc_column_text css=\u00bb\u00bb] &nbsp;Despachos de Contadores compartiendo con otro&#8230;<\/p>\n","protected":false},"author":1,"featured_media":0,"parent":0,"menu_order":0,"comment_status":"closed","ping_status":"closed","template":"","meta":{"pagelayer_contact_templates":[],"_pagelayer_content":"","footnotes":""},"class_list":["post-3064","page","type-page","status-publish","hentry"],"_links":{"self":[{"href":"https:\/\/www.jeparquitecturayconstruccion.com\/index.php?rest_route=\/wp\/v2\/pages\/3064","targetHints":{"allow":["GET"]}}],"collection":[{"href":"https:\/\/www.jeparquitecturayconstruccion.com\/index.php?rest_route=\/wp\/v2\/pages"}],"about":[{"href":"https:\/\/www.jeparquitecturayconstruccion.com\/index.php?rest_route=\/wp\/v2\/types\/page"}],"author":[{"embeddable":true,"href":"https:\/\/www.jeparquitecturayconstruccion.com\/index.php?rest_route=\/wp\/v2\/users\/1"}],"replies":[{"embeddable":true,"href":"https:\/\/www.jeparquitecturayconstruccion.com\/index.php?rest_route=%2Fwp%2Fv2%2Fcomments&post=3064"}],"version-history":[{"count":4,"href":"https:\/\/www.jeparquitecturayconstruccion.com\/index.php?rest_route=\/wp\/v2\/pages\/3064\/revisions"}],"predecessor-version":[{"id":3074,"href":"https:\/\/www.jeparquitecturayconstruccion.com\/index.php?rest_route=\/wp\/v2\/pages\/3064\/revisions\/3074"}],"wp:attachment":[{"href":"https:\/\/www.jeparquitecturayconstruccion.com\/index.php?rest_route=%2Fwp%2Fv2%2Fmedia&parent=3064"}],"curies":[{"name":"wp","href":"https:\/\/api.w.org\/{rel}","templated":true}]}}