{"id":11,"date":"2016-03-28T09:28:14","date_gmt":"2016-03-28T09:28:14","guid":{"rendered":"http:\/\/wp.magnium-themes.com\/thebuilt\/thebuilt-1\/?page_id=11"},"modified":"2026-02-18T20:19:22","modified_gmt":"2026-02-18T20:19:22","slug":"homepage","status":"publish","type":"page","link":"https:\/\/www.jeparquitecturayconstruccion.com\/","title":{"rendered":"Inicio"},"content":{"rendered":"<div class=\"wpb-content-wrapper\"><p>[vc_row][vc_column][rev_slider_vc alias=\u00bbtheBuilt-1&#8243;][\/vc_column][\/vc_row][vc_row css_animation=\u00bbfadeInDown\u00bb][vc_column]<div class=\"mgt-cta-block clearfix black-text with-text no-side-paddings wpb_content_element\" data-style=\"background-color: #ffffff;\"><h5 class=\"mgt-cta-block-header\">Trabajamos con responsabilidad, flexibilidad e innovaci\u00f3n<\/h5><div class=\"mgt-cta-block-content\">Siempre comprometidos con la satisfacci\u00f3n de nuestros clientes<br \/>\nen el \u00e1mbito p\u00fablico y privado<\/div><\/div>[\/vc_column][\/vc_row][vc_row full_width=\u00bbstretch_row\u00bb css_animation=\u00bbfadeInUp\u00bb css=\u00bb.vc_custom_1771096246764{background-color: #F7F7F7 !important;}\u00bb][vc_column]<div class=\"mgt-header-block clearfix text-left text-black wpb_content_element  mgt-header-block-style-1 mgt-header-texttransform-header \"><h2 class=\"mgt-header-block-title\">Nosotros<\/h2><div class=\"mgt-header-line\"><\/div><\/div>[\/vc_column][\/vc_row][vc_row full_width=\u00bbstretch_row\u00bb equal_height=\u00bbyes\u00bb css_animation=\u00bbtop-to-bottom\u00bb css=\u00bb.vc_custom_1771096361472{margin-bottom: 50px !important;background-color: #F5F5F5 !important;}\u00bb][vc_column width=\u00bb1\/3&#8243; css=\u00bb.vc_custom_1459186986556{margin-right: 0px !important;padding-right: 0px !important;}\u00bb]<style scoped='scoped'>.mgt-promo-block-80547717587.mgt-promo-block.animated:hover .mgt-promo-block-content {background-color: rgba(0,0,0,0.5)!important;}<\/style><div class=\"mgt-promo-block animated white-text cover-image text-size-normal no-darken mgt-promo-block-80547717587 wpb_content_element wpb_animate_when_almost_visible wpb_top-to-bottom\" data-style=\"background-image: url(https:\/\/www.jeparquitecturayconstruccion.com\/wp-content\/uploads\/2026\/02\/nosotros-p.png);background-repeat: no-repeat;width: 100%; height: 440px;\"><div class=\"mgt-promo-block-content\"><div class=\"mgt-promo-block-content-inside\"><\/div><\/div><\/div>[\/vc_column][vc_column width=\u00bb1\/3&#8243; css=\u00bb.vc_custom_1459186959095{margin-left: 0px !important;padding-left: 0px !important;}\u00bb]<div class=\"mgt-promo-block black-text text-size-normal no-darken mgt-promo-block-75700987093 wpb_content_element\" data-style=\"background-color: #f5f5f5;width: 100%; height: 440px;\"><div class=\"mgt-promo-block-content va-top\"><div class=\"mgt-promo-block-content-inside vc_custom_1771096547291\">\n<h4 style=\"text-align: left\">Jep Arquitectura y Construccion<\/h4>\n<p style=\"text-align: justify\">Es una empresa especializada en el dise\u00f1o, construcci\u00f3n y mantenimiento de espacios Residenciales, Comerciales, Hoteler\u00eda, Salud, Oficinas, Cultural y Educaci\u00f3n. Contamos con un equipo altamente calificado y con m\u00e1s de 5 a\u00f1os de experiencia en el sector de la construcci\u00f3n, comprometido con ofrecer soluciones duraderas, est\u00e9ticas y funcionales.\n&nbsp;\nNos dedicamos al dise\u00f1o, ejecuci\u00f3n y supervisi\u00f3n en Edificaciones en diferentes \u00e1reas.<\/div><\/div><\/div>[\/vc_column][vc_column width=\u00bb1\/3&#8243;]<div class=\"mgt-promo-block black-text text-size-normal no-darken mgt-promo-block-75700987093 wpb_content_element\" data-style=\"background-color: #f5f5f5;width: 100%; height: 440px;\"><div class=\"mgt-promo-block-content va-top\"><div class=\"mgt-promo-block-content-inside vc_custom_1771096560240\">\n<h4 style=\"text-align: left\">Nuestra Misi\u00f3n<\/h4>\n<p style=\"text-align: justify\">Somos una Oficina de Arquitectura, Dise\u00f1o y Construcci\u00f3n con vasta trayectoria de m\u00e1s de 5 a\u00f1os en el mercado especializada en el dise\u00f1o, construcci\u00f3n y mantenimiento de espacios Residenciales, omerciales, Hoteler\u00eda, Salud, Oficinas, Cultural y Educaci\u00f3n, brindando seguridad, durabilidad y funcionalidad en cada proyecto.\n<div class=\"mgt-button-wrapper mgt-button-wrapper-align-left mgt-button-wrapper-display-newline mgt-button-top-margin-disable\"><a class=\"btn hvr-default mgt-button mgt-style-solid mgt-size-normal mgt-align-left mgt-display-newline mgt-text-size-normal mgt-button-icon-position-left mgt-text-transform-none \" href=\"https:\/\/www.jeparquitecturayconstruccion.com\/?page_id=1378\">Leer m\u00e1s<\/a><\/div><\/div><\/div><\/div>[\/vc_column][\/vc_row][vc_row][vc_column]<div class=\"mgt-header-block clearfix text-left text-black wpb_content_element  mgt-header-block-style-1 mgt-header-texttransform-header \"><h2 class=\"mgt-header-block-title\">NUESTROS SERVICIOS<\/h2><div class=\"mgt-header-line\"><\/div><\/div>[\/vc_column][\/vc_row][vc_row][vc_column width=\u00bb1\/2&#8243;]<style scoped='scoped'>.mgt-promo-block-47329438164.mgt-promo-block.darken .mgt-promo-block-content {background-color: rgba(10,10,10,0.3)!important;}.mgt-promo-block-47329438164.mgt-promo-block.animated:hover .mgt-promo-block-content {background-color: rgba(0,0,0,0.5)!important;}<\/style><div class=\"mgt-promo-block animated white-text cover-image text-size-normal darken mgt-promo-block-47329438164 wpb_content_element wpb_animate_when_almost_visible wpb_appear\" data-style=\"background-image: url(https:\/\/www.jeparquitecturayconstruccion.com\/wp-content\/uploads\/2026\/02\/image-casa.png);background-repeat: no-repeat;width: 100%; height: 220px;\"><div class=\"mgt-promo-block-content va-bottom\"><div class=\"mgt-promo-block-content-inside vc_custom_1771041559803\"><i class=\"fa fa-2 fa-home\"><!-- Icon --><\/i>\n<h3>AREA<br \/>\nRESIDENCIAL<\/h3>\n<div class=\"mgt-button-wrapper mgt-button-wrapper-align-left mgt-button-wrapper-display-newline mgt-button-top-margin-disable\"><a class=\"btn hvr-icon-wobble-horizontal mgt-button mgt-style-textwhite mgt-size-normal mgt-align-left mgt-display-newline mgt-text-size-small mgt-button-icon-position-right mgt-text-transform-uppercase \" href=\"https:\/\/www.jeparquitecturayconstruccion.com\/?page_id=769\">Ver m\u00e1s<i class=\"fa fa-arrow-right\"><\/i><\/a><\/div><\/div><\/div><\/div>[\/vc_column][vc_column width=\u00bb1\/2&#8243;]<style scoped='scoped'>.mgt-promo-block-42115338664.mgt-promo-block.darken .mgt-promo-block-content {background-color: rgba(10,10,10,0.38)!important;}.mgt-promo-block-42115338664.mgt-promo-block.animated:hover .mgt-promo-block-content {background-color: rgba(0,0,0,0.5)!important;}<\/style><div class=\"mgt-promo-block animated white-text cover-image text-size-normal darken mgt-promo-block-42115338664 wpb_content_element wpb_animate_when_almost_visible wpb_appear\" data-style=\"background-image: url(https:\/\/www.jeparquitecturayconstruccion.com\/wp-content\/uploads\/2026\/02\/istockphoto-1414631924-170667a.jpg);background-repeat: no-repeat;width: 100%; height: 220px;\"><div class=\"mgt-promo-block-content va-bottom\"><div class=\"mgt-promo-block-content-inside vc_custom_1771090554074\"><i class=\"fa fa-2 fa-building\"><!-- Icon --><\/i>\n<h3>AREA<br \/>\nCOMERCIAL<\/h3>\n<div class=\"mgt-button-wrapper mgt-button-wrapper-align-left mgt-button-wrapper-display-newline mgt-button-top-margin-disable\"><a class=\"btn hvr-icon-wobble-horizontal mgt-button mgt-style-textwhite mgt-size-normal mgt-align-left mgt-display-newline mgt-text-size-small mgt-button-icon-position-right mgt-text-transform-uppercase \" href=\"https:\/\/www.jeparquitecturayconstruccion.com\/?page_id=3064\">Ver m\u00e1s<i class=\"fa fa-arrow-right\"><\/i><\/a><\/div><\/div><\/div><\/div>[\/vc_column][\/vc_row][vc_row][vc_column][vc_separator][\/vc_column][\/vc_row][vc_row css=\u00bb.vc_custom_1461317391634{margin-bottom: 20px !important;}\u00bb][vc_column width=\u00bb1\/2&#8243;]<style scoped='scoped'>.mgt-promo-block-61315338664.mgt-promo-block.darken .mgt-promo-block-content {background-color: rgba(10,10,10,0.21)!important;}.mgt-promo-block-61315338664.mgt-promo-block.animated:hover .mgt-promo-block-content {background-color: rgba(0,0,0,0.5)!important;}<\/style><div class=\"mgt-promo-block animated white-text cover-image text-size-normal darken mgt-promo-block-61315338664 wpb_content_element wpb_animate_when_almost_visible wpb_appear\" data-style=\"background-image: url(https:\/\/www.jeparquitecturayconstruccion.com\/wp-content\/uploads\/2026\/02\/Office-1_Interactive-LightMix-scaled-1.png);background-repeat: no-repeat;width: 100%; height: 220px;\"><div class=\"mgt-promo-block-content va-bottom\"><div class=\"mgt-promo-block-content-inside vc_custom_1771090564319\"><i class=\"fa fa-2 fa-briefcase\"><!-- Icon --><\/i>\n<h3>\u00c1REA<br \/>\nCORPORATIVA<\/h3>\n<div class=\"mgt-button-wrapper mgt-button-wrapper-align-left mgt-button-wrapper-display-newline mgt-button-top-margin-disable\"><a class=\"btn hvr-icon-wobble-horizontal mgt-button mgt-style-textwhite mgt-size-normal mgt-align-left mgt-display-newline mgt-text-size-small mgt-button-icon-position-right mgt-text-transform-uppercase \" href=\"https:\/\/www.jeparquitecturayconstruccion.com\/?page_id=3075\">Ver m\u00e1s<i class=\"fa fa-arrow-right\"><\/i><\/a><\/div><\/div><\/div><\/div>[\/vc_column][vc_column width=\u00bb1\/2&#8243;]<style scoped='scoped'>.mgt-promo-block-47315326664.mgt-promo-block.darken .mgt-promo-block-content {background-color: rgba(10,10,10,0.38)!important;}.mgt-promo-block-47315326664.mgt-promo-block.animated:hover .mgt-promo-block-content {background-color: rgba(0,0,0,0.5)!important;}<\/style><div class=\"mgt-promo-block animated white-text cover-image text-size-normal darken mgt-promo-block-47315326664 wpb_content_element wpb_animate_when_almost_visible wpb_appear\" data-style=\"background-image: url(https:\/\/www.jeparquitecturayconstruccion.com\/wp-content\/uploads\/2026\/02\/diseno-3d-render-parque-industrial_orig.jpg);background-repeat: no-repeat;width: 100%; height: 220px;\"><div class=\"mgt-promo-block-content va-bottom\"><div class=\"mgt-promo-block-content-inside vc_custom_1771090574825\"><i class=\"fa fa-2 fa-industry\"><!-- Icon --><\/i>\n<h3>\u00c1REA<br \/>\nINDUSTRIAL<\/h3>\n<div class=\"mgt-button-wrapper mgt-button-wrapper-align-left mgt-button-wrapper-display-newline mgt-button-top-margin-disable\"><a class=\"btn hvr-icon-wobble-horizontal mgt-button mgt-style-textwhite mgt-size-normal mgt-align-left mgt-display-newline mgt-text-size-small mgt-button-icon-position-right mgt-text-transform-uppercase \" href=\"https:\/\/www.jeparquitecturayconstruccion.com\/?page_id=3086\">Ver m\u00e1s<i class=\"fa fa-arrow-right\"><\/i><\/a><\/div><\/div><\/div><\/div>[\/vc_column][\/vc_row][vc_row el_id=\u00bbour1&#8243;][vc_column el_id=\u00bbour1&#8243;]<div class=\"mgt-header-block clearfix text-left text-black wpb_content_element  mgt-header-block-style-1 mgt-header-texttransform-header \"><h2 class=\"mgt-header-block-title\">PROYECTOS<\/h2><div class=\"mgt-header-line\"><\/div><\/div>[\/vc_column][\/vc_row][vc_row css=\u00bb.vc_custom_1459501258600{padding-top: 30px !important;padding-bottom: 30px !important;}\u00bb][vc_column width=\u00bb1\/4&#8243;][vc_single_image image=\u00bb3115&#8243; img_size=\u00bb300&#215;300&#8243; alignment=\u00bbcenter\u00bb onclick=\u00bbcustom_link\u00bb css_animation=\u00bbappear\u00bb css=\u00bb\u00bb link=\u00bbhttps:\/\/www.jeparquitecturayconstruccion.com\/?page_id=3110&#8243;][\/vc_column][vc_column width=\u00bb1\/4&#8243;][vc_single_image image=\u00bb3155&#8243; img_size=\u00bb300&#215;300&#8243; alignment=\u00bbcenter\u00bb onclick=\u00bbcustom_link\u00bb css_animation=\u00bbappear\u00bb css=\u00bb\u00bb link=\u00bbhttps:\/\/www.jeparquitecturayconstruccion.com\/?page_id=3122&#8243;][\/vc_column][vc_column width=\u00bb1\/4&#8243;][vc_single_image image=\u00bb3176&#8243; img_size=\u00bb300&#215;300&#8243; alignment=\u00bbcenter\u00bb onclick=\u00bbcustom_link\u00bb css_animation=\u00bbappear\u00bb css=\u00bb\u00bb link=\u00bbhttps:\/\/www.jeparquitecturayconstruccion.com\/?page_id=3169&#8243;][\/vc_column][vc_column width=\u00bb1\/4&#8243;][vc_single_image image=\u00bb3183&#8243; img_size=\u00bb300&#215;300&#8243; alignment=\u00bbcenter\u00bb onclick=\u00bbcustom_link\u00bb css_animation=\u00bbappear\u00bb css=\u00bb\u00bb link=\u00bbhttps:\/\/www.jeparquitecturayconstruccion.com\/?page_id=3179&#8243;][\/vc_column][\/vc_row][vc_row css=\u00bb.vc_custom_1459501258600{padding-top: 30px !important;padding-bottom: 30px !important;}\u00bb][vc_column width=\u00bb1\/4&#8243;][vc_single_image image=\u00bb3190&#8243; img_size=\u00bb300&#215;300&#8243; alignment=\u00bbcenter\u00bb onclick=\u00bbcustom_link\u00bb css_animation=\u00bbappear\u00bb css=\u00bb\u00bb link=\u00bbhttps:\/\/www.jeparquitecturayconstruccion.com\/?page_id=3186&#8243;][\/vc_column][vc_column width=\u00bb1\/4&#8243;][vc_single_image image=\u00bb3197&#8243; img_size=\u00bb300&#215;300&#8243; alignment=\u00bbcenter\u00bb onclick=\u00bbcustom_link\u00bb css_animation=\u00bbappear\u00bb css=\u00bb\u00bb link=\u00bbhttps:\/\/www.jeparquitecturayconstruccion.com\/?page_id=3193&#8243;][\/vc_column][vc_column width=\u00bb1\/4&#8243;][vc_single_image image=\u00bb3206&#8243; img_size=\u00bb300&#215;300&#8243; alignment=\u00bbcenter\u00bb onclick=\u00bbcustom_link\u00bb css_animation=\u00bbappear\u00bb css=\u00bb\u00bb link=\u00bbhttps:\/\/www.jeparquitecturayconstruccion.com\/?page_id=3199&#8243;][\/vc_column][vc_column width=\u00bb1\/4&#8243;][vc_single_image image=\u00bb3219&#8243; img_size=\u00bb300&#215;300&#8243; alignment=\u00bbcenter\u00bb onclick=\u00bbcustom_link\u00bb css_animation=\u00bbappear\u00bb css=\u00bb\u00bb link=\u00bbhttps:\/\/www.jeparquitecturayconstruccion.com\/?page_id=3211&#8243;][\/vc_column][\/vc_row]<\/p>\n<\/div>","protected":false},"excerpt":{"rendered":"<p>[vc_row][vc_column][rev_slider_vc alias=\u00bbtheBuilt-1&#8243;][\/vc_column][\/vc_row][vc_row css_animation=\u00bbfadeInDown\u00bb][vc_column][\/vc_column][\/vc_row][vc_row full_width=\u00bbstretch_row\u00bb css_animation=\u00bbfadeInUp\u00bb css=\u00bb.vc_custom_1771096246764{background-color: #F7F7F7 !important;}\u00bb][vc_column][\/vc_column][\/vc_row][vc_row full_width=\u00bbstretch_row\u00bb equal_height=\u00bbyes\u00bb css_animation=\u00bbtop-to-bottom\u00bb css=\u00bb.vc_custom_1771096361472{margin-bottom: 50px !important;background-color: #F5F5F5 !important;}\u00bb][vc_column width=\u00bb1\/3&#8243; css=\u00bb.vc_custom_1459186986556{margin-right: 0px !important;padding-right: 0px !important;}\u00bb][\/vc_column][vc_column width=\u00bb1\/3&#8243; css=\u00bb.vc_custom_1459186959095{margin-left: 0px !important;padding-left: 0px !important;}\u00bb][\/vc_column][vc_column width=\u00bb1\/3&#8243;][\/vc_column][\/vc_row][vc_row][vc_column][\/vc_column][\/vc_row][vc_row][vc_column width=\u00bb1\/2&#8243;][\/vc_column][vc_column&#8230;<\/p>\n","protected":false},"author":1,"featured_media":0,"parent":0,"menu_order":0,"comment_status":"closed","ping_status":"closed","template":"","meta":{"pagelayer_contact_templates":[],"_pagelayer_content":"","footnotes":""},"class_list":["post-11","page","type-page","status-publish","hentry"],"_links":{"self":[{"href":"https:\/\/www.jeparquitecturayconstruccion.com\/index.php?rest_route=\/wp\/v2\/pages\/11","targetHints":{"allow":["GET"]}}],"collection":[{"href":"https:\/\/www.jeparquitecturayconstruccion.com\/index.php?rest_route=\/wp\/v2\/pages"}],"about":[{"href":"https:\/\/www.jeparquitecturayconstruccion.com\/index.php?rest_route=\/wp\/v2\/types\/page"}],"author":[{"embeddable":true,"href":"https:\/\/www.jeparquitecturayconstruccion.com\/index.php?rest_route=\/wp\/v2\/users\/1"}],"replies":[{"embeddable":true,"href":"https:\/\/www.jeparquitecturayconstruccion.com\/index.php?rest_route=%2Fwp%2Fv2%2Fcomments&post=11"}],"version-history":[{"count":55,"href":"https:\/\/www.jeparquitecturayconstruccion.com\/index.php?rest_route=\/wp\/v2\/pages\/11\/revisions"}],"predecessor-version":[{"id":3222,"href":"https:\/\/www.jeparquitecturayconstruccion.com\/index.php?rest_route=\/wp\/v2\/pages\/11\/revisions\/3222"}],"wp:attachment":[{"href":"https:\/\/www.jeparquitecturayconstruccion.com\/index.php?rest_route=%2Fwp%2Fv2%2Fmedia&parent=11"}],"curies":[{"name":"wp","href":"https:\/\/api.w.org\/{rel}","templated":true}]}}